{"id":107496,"date":"2023-10-28T09:59:10","date_gmt":"2023-10-28T09:59:10","guid":{"rendered":"https:\/\/wp2023.kodesolution.com\/soliur\/?page_id=107496"},"modified":"2025-03-23T15:41:18","modified_gmt":"2025-03-23T15:41:18","slug":"kontaktieren-sie-uns","status":"publish","type":"page","link":"https:\/\/truewavetech.pl\/de\/kontaktieren-sie-uns\/","title":{"rendered":"Kontakt"},"content":{"rendered":"<div data-elementor-type=\"wp-page\" data-elementor-id=\"107496\" class=\"elementor elementor-107496\">\n\t\t\t\t<div class=\"elementor-element elementor-element-ddc8af9 e-flex e-con-boxed tm-col-stretched-none tm-bg-color-over-image e-con e-parent\" data-id=\"ddc8af9\" data-element_type=\"container\" data-settings=\"{&quot;background_background&quot;:&quot;classic&quot;}\">\n\t\t\t\t\t<div class=\"e-con-inner\">\n\t\t<div class=\"elementor-element elementor-element-3c3325b e-flex e-con-boxed tm-col-stretched-none tm-bg-color-over-image e-con e-child\" data-id=\"3c3325b\" data-element_type=\"container\">\n\t\t\t\t\t<div class=\"e-con-inner\">\n\t\t<div class=\"elementor-element elementor-element-a7a9e48 e-con-full e-flex tm-col-stretched-none tm-bg-color-over-image e-con e-child\" data-id=\"a7a9e48\" data-element_type=\"container\">\n\t\t\t\t<div class=\"elementor-element elementor-element-f64d28d horizontal-line-align-left vertical-line-align-bottom elementor-widget elementor-widget-tm-ele-section-title\" data-id=\"f64d28d\" data-element_type=\"widget\" data-widget_type=\"tm-ele-section-title.default\">\n\t\t\t\t<div class=\"elementor-widget-container\">\n\t\t\t\t\t<div class=\"tm-sc-section-title section-title line-left-current-theme\">\r\n\t<div class=\"title-wrapper\">\r\n\t\t\t\t\r\n\r\n<div class=\"sub-title-outer\">\r\n\t\t<div class=\"subtitle\">\r\n\r\n\t\t\r\n\t\tSENDEN SIE UNS EINE E-MAIL\t<\/div>\r\n\t<\/div>\t\t\t<h2 class=\"title\"  >\r\n\r\n\t\t\r\n\t\t\t\t<span class=\"title-part1\">Schreiben Sie gerne<\/span>\r\n\t\t\t\t\r\n\t\t\t\t\t\t\t\r\n\t<\/h2>\r\n\t<div class=\"title-seperator-line\"><\/div>\t\t\t\t\t\t<\/div>\r\n<\/div>\t\t\t\t<\/div>\n\t\t\t\t<\/div>\n\t\t\t\t<div class=\"elementor-element elementor-element-63b0b6b elementor-widget__width-initial tm-contact-form-7-button-align-left tm-contact-form-7-button-custom elementor-widget elementor-widget-tm-ele-contact-form-7\" data-id=\"63b0b6b\" data-element_type=\"widget\" data-settings=\"{&quot;_animation&quot;:&quot;none&quot;}\" data-widget_type=\"tm-ele-contact-form-7.default\">\n\t\t\t\t<div class=\"elementor-widget-container\">\n\t\t\t\t\t<div class=\"tm-contact-form-7-wrapper\">\r\n\t\t\t\t<div class=\"tm-contact-form tm-contact-form-7 tm-contact-form-63b0b6b placeholder-show tm-contact-form-align-default\"><div class=\"tm-contact-form-7-heading\"><\/div>\n<div class=\"wpcf7 no-js\" id=\"wpcf7-f10-o1\" lang=\"en-US\" dir=\"ltr\" data-wpcf7-id=\"10\">\n<div class=\"screen-reader-response\"><p role=\"status\" aria-live=\"polite\" aria-atomic=\"true\"><\/p> <ul><\/ul><\/div>\n<form action=\"\/de\/wp-json\/wp\/v2\/pages\/107496#wpcf7-f10-o1\" method=\"post\" class=\"wpcf7-form init\" aria-label=\"Contact form\" novalidate=\"novalidate\" data-status=\"init\" data-trp-original-action=\"\/de\/wp-json\/wp\/v2\/pages\/107496#wpcf7-f10-o1\">\n<div style=\"display: none;\">\n<input type=\"hidden\" name=\"_wpcf7\" value=\"10\" \/>\n<input type=\"hidden\" name=\"_wpcf7_version\" value=\"6.0.6\" \/>\n<input type=\"hidden\" name=\"_wpcf7_locale\" value=\"en_US\" \/>\n<input type=\"hidden\" name=\"_wpcf7_unit_tag\" value=\"wpcf7-f10-o1\" \/>\n<input type=\"hidden\" name=\"_wpcf7_container_post\" value=\"0\" \/>\n<input type=\"hidden\" name=\"_wpcf7_posted_data_hash\" value=\"\" \/>\n<\/div>\n<label> Ihr Name\n    <span class=\"wpcf7-form-control-wrap\" data-name=\"your-name\"><input size=\"40\" maxlength=\"400\" class=\"wpcf7-form-control wpcf7-text wpcf7-validates-as-required\" autocomplete=\"name\" aria-required=\"true\" aria-invalid=\"false\" value=\"\" type=\"text\" name=\"your-name\" \/><\/span> <\/label>\n\n<label> Ihre E-Mail\n    <span class=\"wpcf7-form-control-wrap\" data-name=\"your-email\"><input size=\"40\" maxlength=\"400\" class=\"wpcf7-form-control wpcf7-email wpcf7-validates-as-required wpcf7-text wpcf7-validates-as-email\" autocomplete=\"email\" aria-required=\"true\" aria-invalid=\"false\" value=\"\" type=\"email\" name=\"your-email\" \/><\/span> <\/label>\n\n<label> Thema\n    <span class=\"wpcf7-form-control-wrap\" data-name=\"your-subject\"><input size=\"40\" maxlength=\"400\" class=\"wpcf7-form-control wpcf7-text wpcf7-validates-as-required\" aria-required=\"true\" aria-invalid=\"false\" value=\"\" type=\"text\" name=\"your-subject\" \/><\/span> <\/label>\n\n<label> Ihre Nachricht (optional)\n    <span class=\"wpcf7-form-control-wrap\" data-name=\"your-message\"><textarea cols=\"40\" rows=\"10\" maxlength=\"2000\" class=\"wpcf7-form-control wpcf7-textarea\" aria-invalid=\"false\" name=\"your-message\"><\/textarea><\/span> <\/label>\n\n<input class=\"wpcf7-form-control wpcf7-submit has-spinner\" type=\"submit\" value=\"Einreichen\" \/><div class=\"wpcf7-response-output\" aria-hidden=\"true\"><\/div>\n<input type=\"hidden\" name=\"trp-form-language\" value=\"de\"\/><\/form>\n<\/div>\n<\/div>\r\n\t\t\t<\/div>\t\t\t\t<\/div>\n\t\t\t\t<\/div>\n\t\t\t\t<\/div>\n\t\t<div class=\"elementor-element elementor-element-f19d454 e-con-full tm-col-stretched-none e-flex tm-bg-color-over-image e-con e-child\" data-id=\"f19d454\" data-element_type=\"container\">\n\t\t\t\t<div class=\"elementor-element elementor-element-d9eeed1 horizontal-line-align-left vertical-line-align-bottom elementor-widget elementor-widget-tm-ele-section-title\" data-id=\"d9eeed1\" data-element_type=\"widget\" data-widget_type=\"tm-ele-section-title.default\">\n\t\t\t\t<div class=\"elementor-widget-container\">\n\t\t\t\t\t<div class=\"tm-sc-section-title section-title line-left-current-theme\">\r\n\t<div class=\"title-wrapper\">\r\n\t\t\t\t\r\n\r\n<div class=\"sub-title-outer\">\r\n\t\t<div class=\"subtitle\">\r\n\r\n\t\t\r\n\t\tBRAUCHEN SIE HILFE?\t<\/div>\r\n\t<\/div>\t\t\t<h3 class=\"title\"  >\r\n\r\n\t\t\r\n\t\t\t\t<span class=\"title-part1\">Kontaktieren Sie uns<\/span>\r\n\t\t\t\t\r\n\t\t\t\t\t\t\t\r\n\t<\/h3>\r\n\t<div class=\"title-seperator-line\"><\/div>\t\t\t\t\t\t<\/div>\r\n<\/div>\t\t\t\t<\/div>\n\t\t\t\t<\/div>\n\t\t\t\t<div class=\"elementor-element elementor-element-d2c173f elementor-widget elementor-widget-tm-ele-text-editor\" data-id=\"d2c173f\" data-element_type=\"widget\" data-widget_type=\"tm-ele-text-editor.default\">\n\t\t\t\t<div class=\"elementor-widget-container\">\n\t\t\t\t\t\t\t<div class=\"tm-text-editor\">\r\n\t\t<p>Lassen Sie uns gemeinsam L\u00f6sungen f\u00fcr die Herausforderungen Ihrer digitalen Welt finden. Lernen Sie unser Expertenteam kennen und bringen Sie Ihr Unternehmen einen Schritt weiter. Wir freuen uns darauf, Ihre Bed\u00fcrfnisse zu verstehen und Ihnen ma\u00dfgeschneiderte L\u00f6sungen anzubieten. Rufen Sie uns jetzt an und lassen Sie uns gemeinsam die Zukunft gestalten!<\/p>\t\t<\/div>\r\n\t\t\t\t\t<\/div>\n\t\t\t\t<\/div>\n\t\t\t\t<div class=\"elementor-element elementor-element-3d06f66 elementor-widget elementor-widget-tm-ele-iconbox\" data-id=\"3d06f66\" data-element_type=\"widget\" data-widget_type=\"tm-ele-iconbox.default\">\n\t\t\t\t<div class=\"elementor-widget-container\">\n\t\t\t\t\t<div class=\"tm-sc-icon-box icon-box icon-left font-icon icon-default icon-left\">\r\n\t\r\n  \t<div class=\"icon-box-wrapper\">\r\n\t\t\r\n\t\t<div class=\"icon-wrapper\">\r\n\t\t<div class=\"icon icon-rounded icon-type-font-icon icon-md\">\r\n\t\t\t<i aria-hidden=\"true\" class=\"flaticon-common-call-1\"><\/i>\t\t<\/div>\r\n\r\n\t\t\t<\/div>\r\n\t\t\t<div class=\"icon-text\">\r\n\t\t\t\t\t\t\r\n\t\t\t\t<h5 class=\"icon-box-title\">\r\n\t\t\t\t\t\t\tHaben Sie Fragen?\t\t\t\t\t<\/h5>\r\n\t\t\t\t\t<div class=\"content\"><p>Kostenlos +48 883 057 547<\/p><\/div>\r\n\t\t\t\r\n\t\t\t\r\n\t\r\n\t\t\t\t\t<\/div>\r\n\t\t<div class=\"clearfix\"><\/div>\r\n\t<\/div>\r\n<\/div>\t\t\t\t<\/div>\n\t\t\t\t<\/div>\n\t\t\t\t<div class=\"elementor-element elementor-element-41aa135 elementor-widget elementor-widget-tm-ele-iconbox\" data-id=\"41aa135\" data-element_type=\"widget\" data-widget_type=\"tm-ele-iconbox.default\">\n\t\t\t\t<div class=\"elementor-widget-container\">\n\t\t\t\t\t<div class=\"tm-sc-icon-box icon-box icon-left font-icon icon-default icon-left\">\r\n\t\r\n  \t<div class=\"icon-box-wrapper\">\r\n\t\t\r\n\t\t<div class=\"icon-wrapper\">\r\n\t\t<div class=\"icon icon-rounded icon-type-font-icon icon-md\">\r\n\t\t\t<i aria-hidden=\"true\" class=\"flaticon-common-envelope\"><\/i>\t\t<\/div>\r\n\r\n\t\t\t<\/div>\r\n\t\t\t<div class=\"icon-text\">\r\n\t\t\t\t\t\t\r\n\t\t\t\t<h5 class=\"icon-box-title\">\r\n\t\t\t\t\t\t\tE-Mail schreiben\t\t\t\t\t<\/h5>\r\n\t\t\t\t\t<div class=\"content\"><p>info@truewavetech.pl<\/p><\/div>\r\n\t\t\t\r\n\t\t\t\r\n\t\r\n\t\t\t\t\t<\/div>\r\n\t\t<div class=\"clearfix\"><\/div>\r\n\t<\/div>\r\n<\/div>\t\t\t\t<\/div>\n\t\t\t\t<\/div>\n\t\t\t\t<div class=\"elementor-element elementor-element-261c08b elementor-widget elementor-widget-tm-ele-iconbox\" data-id=\"261c08b\" data-element_type=\"widget\" data-widget_type=\"tm-ele-iconbox.default\">\n\t\t\t\t<div class=\"elementor-widget-container\">\n\t\t\t\t\t<div class=\"tm-sc-icon-box icon-box icon-left font-icon icon-default icon-left\">\r\n\t\r\n  \t<div class=\"icon-box-wrapper\">\r\n\t\t\r\n\t\t<div class=\"icon-wrapper\">\r\n\t\t<div class=\"icon icon-rounded icon-type-font-icon icon-md\">\r\n\t\t\t<i aria-hidden=\"true\" class=\"flaticon-common-location\"><\/i>\t\t<\/div>\r\n\r\n\t\t\t<\/div>\r\n\t\t\t<div class=\"icon-text\">\r\n\t\t\t\t\t\t\r\n\t\t\t\t<h5 class=\"icon-box-title\">\r\n\t\t\t\t\t\t\tBesuchen Sie uns jederzeit\t\t\t\t\t<\/h5>\r\n\t\t\t\t\t<div class=\"content\"><p><span>Stanis\u0142awa Taczaka 24\/103, 61-819 Posen<\/span><\/p><\/div>\r\n\t\t\t\r\n\t\t\t\r\n\t\r\n\t\t\t\t\t<\/div>\r\n\t\t<div class=\"clearfix\"><\/div>\r\n\t<\/div>\r\n<\/div>\t\t\t\t<\/div>\n\t\t\t\t<\/div>\n\t\t\t\t<\/div>\n\t\t\t\t\t<\/div>\n\t\t\t\t<\/div>\n\t\t\t\t\t<\/div>\n\t\t\t\t<\/div>\n\t\t<div class=\"elementor-element elementor-element-444b510 e-con-full e-flex tm-col-stretched-none tm-bg-color-over-image e-con e-parent\" data-id=\"444b510\" data-element_type=\"container\">\n\t\t<div class=\"elementor-element elementor-element-7eb501b e-con-full e-flex tm-col-stretched-none tm-bg-color-over-image e-con e-child\" data-id=\"7eb501b\" data-element_type=\"container\">\n\t\t\t\t<div class=\"elementor-element elementor-element-f26de19 elementor-widget elementor-widget-text-editor\" data-id=\"f26de19\" data-element_type=\"widget\" data-widget_type=\"text-editor.default\">\n\t\t\t\t<div class=\"elementor-widget-container\">\n\t\t\t\t\t\t\t\t\t<ol>\n \t<li><iframe height=\"400\" <iframe src=\"https:\/\/www.google.com\/maps\/embed?pb=!1m18!1m12!1m3!1d2912.6460291437115!2d16.921514876942204!3d52.405371644709795!2m3!1f0!2f0!3f0!3m2!1i1024!2i768!4f13.1!3m3!1m2!1s0x47045b39e0fb6f83%3A0x7a5e2bd0876e6052!2sStanis%C5%82awa%20Taczaka%2024%2F103%2C%2061-891%20Pozna%C5%84!5e1!3m2!1sen!2spl!4v1742657436608!5m2!1sen!2spl\" width=\"600\" style=\"border:0;\" allowfullscreen=\"\" loading=\"lazy\" referrerpolicy=\"no-referrer-when-downgrade\"><\/iframe><\/li>\n<\/ol>\t\t\t\t\t\t\t\t<\/div>\n\t\t\t\t<\/div>\n\t\t\t\t<\/div>\n\t\t\t\t<\/div>\n\t\t\t\t<\/div>","protected":false},"excerpt":{"rendered":"<p>SEND US EMAIL Feel free to write Your name Your email Subject Your message (optional) NEED ANY HELP? Get in&#8230;<\/p>","protected":false},"author":1,"featured_media":0,"parent":0,"menu_order":0,"comment_status":"closed","ping_status":"closed","template":"","meta":{"footnotes":""},"class_list":["post-107496","page","type-page","status-publish","hentry"],"yoast_head":"<!-- This site is optimized with the Yoast SEO Premium plugin v25.1 (Yoast SEO v25.3) - https:\/\/yoast.com\/wordpress\/plugins\/seo\/ -->\n<title>Contact - TrueWave Technologies<\/title>\n<meta name=\"robots\" content=\"index, follow, max-snippet:-1, max-image-preview:large, max-video-preview:-1\" \/>\n<link rel=\"canonical\" href=\"https:\/\/truewavetech.pl\/de\/kontaktieren-sie-uns\/\" \/>\n<meta property=\"og:locale\" content=\"de_DE\" \/>\n<meta property=\"og:type\" content=\"article\" \/>\n<meta property=\"og:title\" content=\"Contact\" \/>\n<meta property=\"og:description\" content=\"SEND US EMAIL Feel free to write Your name Your email Subject Your message (optional) NEED ANY HELP? Get in...\" \/>\n<meta property=\"og:url\" content=\"https:\/\/truewavetech.pl\/de\/kontaktieren-sie-uns\/\" \/>\n<meta property=\"og:site_name\" content=\"TrueWave Technologies\" \/>\n<meta property=\"article:publisher\" content=\"https:\/\/www.facebook.com\/people\/Truewavetech\/61574103256712\/\" \/>\n<meta property=\"article:modified_time\" content=\"2025-03-23T15:41:18+00:00\" \/>\n<meta property=\"og:image\" content=\"https:\/\/truewavetech.pl\/wp-content\/uploads\/2025\/03\/cropped-2.png\" \/>\n\t<meta property=\"og:image:width\" content=\"512\" \/>\n\t<meta property=\"og:image:height\" content=\"512\" \/>\n\t<meta property=\"og:image:type\" content=\"image\/png\" \/>\n<meta name=\"twitter:card\" content=\"summary_large_image\" \/>\n<meta name=\"twitter:site\" content=\"@TruewaveTech\" \/>\n<meta name=\"twitter:label1\" content=\"Gesch\u00e4tzte Lesezeit\" \/>\n\t<meta name=\"twitter:data1\" content=\"1\u00a0Minute\" \/>\n<script type=\"application\/ld+json\" class=\"yoast-schema-graph\">{\"@context\":\"https:\/\/schema.org\",\"@graph\":[{\"@type\":\"WebPage\",\"@id\":\"https:\/\/truewavetech.pl\/contact-us\/\",\"url\":\"https:\/\/truewavetech.pl\/contact-us\/\",\"name\":\"Contact - TrueWave Technologies\",\"isPartOf\":{\"@id\":\"https:\/\/truewavetech.pl\/#website\"},\"datePublished\":\"2023-10-28T09:59:10+00:00\",\"dateModified\":\"2025-03-23T15:41:18+00:00\",\"breadcrumb\":{\"@id\":\"https:\/\/truewavetech.pl\/contact-us\/#breadcrumb\"},\"inLanguage\":\"de\",\"potentialAction\":[{\"@type\":\"ReadAction\",\"target\":[\"https:\/\/truewavetech.pl\/contact-us\/\"]}]},{\"@type\":\"BreadcrumbList\",\"@id\":\"https:\/\/truewavetech.pl\/contact-us\/#breadcrumb\",\"itemListElement\":[{\"@type\":\"ListItem\",\"position\":1,\"name\":\"Home\",\"item\":\"https:\/\/truewavetech.pl\/\"},{\"@type\":\"ListItem\",\"position\":2,\"name\":\"Contact\"}]},{\"@type\":\"WebSite\",\"@id\":\"https:\/\/truewavetech.pl\/#website\",\"url\":\"https:\/\/truewavetech.pl\/\",\"name\":\"TrueWave Technologies\",\"description\":\"\",\"publisher\":{\"@id\":\"https:\/\/truewavetech.pl\/#organization\"},\"alternateName\":\"TrueWave Technologies\",\"potentialAction\":[{\"@type\":\"SearchAction\",\"target\":{\"@type\":\"EntryPoint\",\"urlTemplate\":\"https:\/\/truewavetech.pl\/?s={search_term_string}\"},\"query-input\":{\"@type\":\"PropertyValueSpecification\",\"valueRequired\":true,\"valueName\":\"search_term_string\"}}],\"inLanguage\":\"de\"},{\"@type\":\"Organization\",\"@id\":\"https:\/\/truewavetech.pl\/#organization\",\"name\":\"TRUEWAVE TECHNOLOGIES SP\u00d3\u0141KA Z OGRANICZON\u0104 ODPOWIEDZIALNO\u015aCI\u0104\",\"alternateName\":\"TRUEWAVE TECHNOLOGIES SP\u00d3\u0141KA Z OGRANICZON\u0104 ODPOWIEDZIALNO\u015aCI\u0104\",\"url\":\"https:\/\/truewavetech.pl\/\",\"logo\":{\"@type\":\"ImageObject\",\"inLanguage\":\"de\",\"@id\":\"https:\/\/truewavetech.pl\/#\/schema\/logo\/image\/\",\"url\":\"https:\/\/truewavetech.pl\/wp-content\/uploads\/2025\/03\/buyuk-logo.png\",\"contentUrl\":\"https:\/\/truewavetech.pl\/wp-content\/uploads\/2025\/03\/buyuk-logo.png\",\"width\":1000,\"height\":1000,\"caption\":\"TRUEWAVE TECHNOLOGIES SP\u00d3\u0141KA Z OGRANICZON\u0104 ODPOWIEDZIALNO\u015aCI\u0104\"},\"image\":{\"@id\":\"https:\/\/truewavetech.pl\/#\/schema\/logo\/image\/\"},\"sameAs\":[\"https:\/\/www.facebook.com\/people\/Truewavetech\/61574103256712\/\",\"https:\/\/x.com\/TruewaveTech\",\"https:\/\/www.youtube.com\/@TrueWaveTechnologies\",\"https:\/\/www.linkedin.com\/company\/truewavetech\/\"],\"email\":\"info@truewavetech.pl\",\"telephone\":\"+48883057547\",\"legalName\":\"TRUEWAVE TECHNOLOGIES SP\u00d3\u0141KA Z OGRANICZON\u0104 ODPOWIEDZIALNO\u015aCI\u0104\"}]}<\/script>\n<!-- \/ Yoast SEO Premium plugin. -->","yoast_head_json":{"title":"Contact - TrueWave Technologies","robots":{"index":"index","follow":"follow","max-snippet":"max-snippet:-1","max-image-preview":"max-image-preview:large","max-video-preview":"max-video-preview:-1"},"canonical":"https:\/\/truewavetech.pl\/de\/kontaktieren-sie-uns\/","og_locale":"de_DE","og_type":"article","og_title":"Contact","og_description":"SEND US EMAIL Feel free to write Your name Your email Subject Your message (optional) NEED ANY HELP? Get in...","og_url":"https:\/\/truewavetech.pl\/de\/kontaktieren-sie-uns\/","og_site_name":"TrueWave Technologies","article_publisher":"https:\/\/www.facebook.com\/people\/Truewavetech\/61574103256712\/","article_modified_time":"2025-03-23T15:41:18+00:00","og_image":[{"width":512,"height":512,"url":"https:\/\/truewavetech.pl\/wp-content\/uploads\/2025\/03\/cropped-2.png","type":"image\/png"}],"twitter_card":"summary_large_image","twitter_site":"@TruewaveTech","twitter_misc":{"Gesch\u00e4tzte Lesezeit":"1\u00a0Minute"},"schema":{"@context":"https:\/\/schema.org","@graph":[{"@type":"WebPage","@id":"https:\/\/truewavetech.pl\/contact-us\/","url":"https:\/\/truewavetech.pl\/contact-us\/","name":"Contact - TrueWave Technologies","isPartOf":{"@id":"https:\/\/truewavetech.pl\/#website"},"datePublished":"2023-10-28T09:59:10+00:00","dateModified":"2025-03-23T15:41:18+00:00","breadcrumb":{"@id":"https:\/\/truewavetech.pl\/contact-us\/#breadcrumb"},"inLanguage":"de","potentialAction":[{"@type":"ReadAction","target":["https:\/\/truewavetech.pl\/contact-us\/"]}]},{"@type":"BreadcrumbList","@id":"https:\/\/truewavetech.pl\/contact-us\/#breadcrumb","itemListElement":[{"@type":"ListItem","position":1,"name":"Home","item":"https:\/\/truewavetech.pl\/"},{"@type":"ListItem","position":2,"name":"Contact"}]},{"@type":"WebSite","@id":"https:\/\/truewavetech.pl\/#website","url":"https:\/\/truewavetech.pl\/","name":"TrueWave Technologies","description":"","publisher":{"@id":"https:\/\/truewavetech.pl\/#organization"},"alternateName":"TrueWave Technologies","potentialAction":[{"@type":"SearchAction","target":{"@type":"EntryPoint","urlTemplate":"https:\/\/truewavetech.pl\/?s={search_term_string}"},"query-input":{"@type":"PropertyValueSpecification","valueRequired":true,"valueName":"search_term_string"}}],"inLanguage":"de"},{"@type":"Organization","@id":"https:\/\/truewavetech.pl\/#organization","name":"TRUEWAVE TECHNOLOGIES SP\u00d3\u0141KA Z OGRANICZON\u0104 ODPOWIEDZIALNO\u015aCI\u0104","alternateName":"TRUEWAVE TECHNOLOGIES SP\u00d3\u0141KA Z OGRANICZON\u0104 ODPOWIEDZIALNO\u015aCI\u0104","url":"https:\/\/truewavetech.pl\/","logo":{"@type":"ImageObject","inLanguage":"de","@id":"https:\/\/truewavetech.pl\/#\/schema\/logo\/image\/","url":"https:\/\/truewavetech.pl\/wp-content\/uploads\/2025\/03\/buyuk-logo.png","contentUrl":"https:\/\/truewavetech.pl\/wp-content\/uploads\/2025\/03\/buyuk-logo.png","width":1000,"height":1000,"caption":"TRUEWAVE TECHNOLOGIES SP\u00d3\u0141KA Z OGRANICZON\u0104 ODPOWIEDZIALNO\u015aCI\u0104"},"image":{"@id":"https:\/\/truewavetech.pl\/#\/schema\/logo\/image\/"},"sameAs":["https:\/\/www.facebook.com\/people\/Truewavetech\/61574103256712\/","https:\/\/x.com\/TruewaveTech","https:\/\/www.youtube.com\/@TrueWaveTechnologies","https:\/\/www.linkedin.com\/company\/truewavetech\/"],"email":"info@truewavetech.pl","telephone":"+48883057547","legalName":"TRUEWAVE TECHNOLOGIES SP\u00d3\u0141KA Z OGRANICZON\u0104 ODPOWIEDZIALNO\u015aCI\u0104"}]}},"_links":{"self":[{"href":"https:\/\/truewavetech.pl\/de\/wp-json\/wp\/v2\/pages\/107496","targetHints":{"allow":["GET"]}}],"collection":[{"href":"https:\/\/truewavetech.pl\/de\/wp-json\/wp\/v2\/pages"}],"about":[{"href":"https:\/\/truewavetech.pl\/de\/wp-json\/wp\/v2\/types\/page"}],"author":[{"embeddable":true,"href":"https:\/\/truewavetech.pl\/de\/wp-json\/wp\/v2\/users\/1"}],"replies":[{"embeddable":true,"href":"https:\/\/truewavetech.pl\/de\/wp-json\/wp\/v2\/comments?post=107496"}],"version-history":[{"count":19,"href":"https:\/\/truewavetech.pl\/de\/wp-json\/wp\/v2\/pages\/107496\/revisions"}],"predecessor-version":[{"id":147011,"href":"https:\/\/truewavetech.pl\/de\/wp-json\/wp\/v2\/pages\/107496\/revisions\/147011"}],"wp:attachment":[{"href":"https:\/\/truewavetech.pl\/de\/wp-json\/wp\/v2\/media?parent=107496"}],"curies":[{"name":"wp","href":"https:\/\/api.w.org\/{rel}","templated":true}]}}